{"id":11,"date":"2020-10-23T11:57:51","date_gmt":"2020-10-23T11:57:51","guid":{"rendered":"https:\/\/www.dieginsburg.de\/?page_id=11"},"modified":"2025-11-26T06:58:39","modified_gmt":"2025-11-26T06:58:39","slug":"seite-2","status":"publish","type":"page","link":"https:\/\/www.ginsburg.info\/","title":{"rendered":"Start"},"content":{"rendered":"<h3 style=\"text-align: left;\"><strong>Ein St\u00fcck Heimat<\/strong><\/h3>\n<p style=\"text-align: left;\">In Handarbeit hergestellt, au\u00dfergew\u00f6hnlich im Geschmack und zugleich ein wunderbares Geschenk zu jedem Anlass!<\/p>\n<p style=\"text-align: left;\">Den feinen GINsburg GIN erhalten Sie in regionalen M\u00e4rkten und in vielen gut sortierten Gesch\u00e4ften. Nat\u00fcrlich auch bei der Touristik-Information Hilchenbach.<\/p>\n<p data-wp-editing=\"1\"><img decoding=\"async\" class=\"alignleft\" src=\"https:\/\/www.ginsburg.info\/wp-content\/uploads\/2025\/08\/Ehrenamtskarte-1.jpg\" alt=\"\" width=\"116\" height=\"78\" \/>JETZT GANZ NEU: Inhaber der Ehrenamtskarte k\u00f6nnen den feinen GINsburg GIN bei der Touristik-Information Hilchenbach erm\u00e4\u00dfigt einkaufen.<br \/><a href=\"https:\/\/www.ginsburg.info\/?page_id=3453\">Mehr Information zur Ehrenamtskarte gibt\u00b4s hier!<\/a><\/p>\n<p data-wp-editing=\"1\">Bestellen Sie aber auch direkt <a href=\"https:\/\/www.ginsburg.info\/?product_cat=ginsburg-gin\">hier in unserem Shop!<\/a><\/p>\n<table style=\"text-align: left; width: 100%;\" border=\"0\" cellspacing=\"2\" cellpadding=\"2\">\n<tbody>\n<tr>\n<td style=\"vertical-align: top; text-align: center;\"><img fetchpriority=\"high\" decoding=\"async\" src=\"https:\/\/www.ginsburg.info\/wp-content\/uploads\/2021\/02\/Impression-300x198.jpg\" alt=\"\" width=\"300\" height=\"198\" \/><\/td>\n<td style=\"vertical-align: top; text-align: center;\"><img decoding=\"async\" src=\"https:\/\/www.ginsburg.info\/wp-content\/uploads\/2021\/02\/Turm-300x198.jpg\" alt=\"\" width=\"300\" height=\"198\" \/><\/td>\n<td style=\"vertical-align: top;\"><center><img loading=\"lazy\" decoding=\"async\" src=\"https:\/\/www.ginsburg.info\/wp-content\/uploads\/2020\/11\/cropped-Ginsburg-zur-Weihnachtszeit-300x200.jpg\" alt=\"\" width=\"300\" height=\"200\" \/><\/center><\/td>\n<\/tr>\n<\/tbody>\n<\/table>\n\n\n<div class=\"wp-block-uagb-image uagb-block-fb42531c wp-block-uagb-image--layout-default wp-block-uagb-image--effect-static wp-block-uagb-image--align-none\"><figure class=\"wp-block-uagb-image__figure\"><\/figure><\/div>\n","protected":false},"excerpt":{"rendered":"<p>Ein St\u00fcck Heimat In Handarbeit hergestellt, au\u00dfergew\u00f6hnlich im Geschmack und zugleich ein wunderbares Geschenk zu jedem Anlass! Den feinen GINsburg GIN erhalten Sie in regionalen M\u00e4rkten und in vielen gut sortierten Gesch\u00e4ften. Nat\u00fcrlich auch bei der Touristik-Information Hilchenbach. JETZT GANZ NEU: Inhaber der Ehrenamtskarte k\u00f6nnen den feinen GINsburg GIN bei der Touristik-Information Hilchenbach erm\u00e4\u00dfigt einkaufen.Mehr &hellip; <\/p>\n<p class=\"link-more\"><a href=\"https:\/\/www.ginsburg.info\/\" class=\"more-link\"><span class=\"screen-reader-text\">\u201eStart\u201c <\/span>weiterlesen<\/a><\/p>\n","protected":false},"author":1,"featured_media":2158,"parent":0,"menu_order":0,"comment_status":"closed","ping_status":"closed","template":"","meta":{"_uag_custom_page_level_css":"","footnotes":""},"class_list":["post-11","page","type-page","status-publish","has-post-thumbnail","hentry"],"uagb_featured_image_src":{"full":["https:\/\/www.ginsburg.info\/wp-content\/uploads\/2023\/10\/GINsburg-Gin.jpg",1200,628,false],"thumbnail":["https:\/\/www.ginsburg.info\/wp-content\/uploads\/2023\/10\/GINsburg-Gin-150x150.jpg",150,150,true],"medium":["https:\/\/www.ginsburg.info\/wp-content\/uploads\/2023\/10\/GINsburg-Gin-300x157.jpg",300,157,true],"medium_large":["https:\/\/www.ginsburg.info\/wp-content\/uploads\/2023\/10\/GINsburg-Gin-768x402.jpg",525,275,true],"large":["https:\/\/www.ginsburg.info\/wp-content\/uploads\/2023\/10\/GINsburg-Gin-1024x536.jpg",525,275,true],"1536x1536":["https:\/\/www.ginsburg.info\/wp-content\/uploads\/2023\/10\/GINsburg-Gin.jpg",1200,628,false],"2048x2048":["https:\/\/www.ginsburg.info\/wp-content\/uploads\/2023\/10\/GINsburg-Gin.jpg",1200,628,false],"twentyseventeen-featured-image":["https:\/\/www.ginsburg.info\/wp-content\/uploads\/2023\/10\/GINsburg-Gin.jpg",1200,628,false],"twentyseventeen-thumbnail-avatar":["https:\/\/www.ginsburg.info\/wp-content\/uploads\/2023\/10\/GINsburg-Gin-100x100.jpg",100,100,true],"woocommerce_thumbnail":["https:\/\/www.ginsburg.info\/wp-content\/uploads\/2023\/10\/GINsburg-Gin-250x250.jpg",250,250,true],"woocommerce_single":["https:\/\/www.ginsburg.info\/wp-content\/uploads\/2023\/10\/GINsburg-Gin-350x183.jpg",350,183,true],"woocommerce_gallery_thumbnail":["https:\/\/www.ginsburg.info\/wp-content\/uploads\/2023\/10\/GINsburg-Gin-100x100.jpg",100,100,true]},"uagb_author_info":{"display_name":"admin","author_link":"https:\/\/www.ginsburg.info\/?author=1"},"uagb_comment_info":0,"uagb_excerpt":"Ein St\u00fcck Heimat In Handarbeit hergestellt, au\u00dfergew\u00f6hnlich im Geschmack und zugleich ein wunderbares Geschenk zu jedem Anlass! Den feinen GINsburg GIN erhalten Sie in regionalen M\u00e4rkten und in vielen gut sortierten Gesch\u00e4ften. Nat\u00fcrlich auch bei der Touristik-Information Hilchenbach. JETZT GANZ NEU: Inhaber der Ehrenamtskarte k\u00f6nnen den feinen GINsburg GIN bei der Touristik-Information Hilchenbach erm\u00e4\u00dfigt einkaufen.Mehr&hellip;","jetpack_sharing_enabled":true,"_links":{"self":[{"href":"https:\/\/www.ginsburg.info\/index.php?rest_route=\/wp\/v2\/pages\/11","targetHints":{"allow":["GET"]}}],"collection":[{"href":"https:\/\/www.ginsburg.info\/index.php?rest_route=\/wp\/v2\/pages"}],"about":[{"href":"https:\/\/www.ginsburg.info\/index.php?rest_route=\/wp\/v2\/types\/page"}],"author":[{"embeddable":true,"href":"https:\/\/www.ginsburg.info\/index.php?rest_route=\/wp\/v2\/users\/1"}],"replies":[{"embeddable":true,"href":"https:\/\/www.ginsburg.info\/index.php?rest_route=%2Fwp%2Fv2%2Fcomments&post=11"}],"version-history":[{"count":114,"href":"https:\/\/www.ginsburg.info\/index.php?rest_route=\/wp\/v2\/pages\/11\/revisions"}],"predecessor-version":[{"id":3693,"href":"https:\/\/www.ginsburg.info\/index.php?rest_route=\/wp\/v2\/pages\/11\/revisions\/3693"}],"wp:featuredmedia":[{"embeddable":true,"href":"https:\/\/www.ginsburg.info\/index.php?rest_route=\/wp\/v2\/media\/2158"}],"wp:attachment":[{"href":"https:\/\/www.ginsburg.info\/index.php?rest_route=%2Fwp%2Fv2%2Fmedia&parent=11"}],"curies":[{"name":"wp","href":"https:\/\/api.w.org\/{rel}","templated":true}]}}