{"id":1663,"date":"2023-01-23T13:04:20","date_gmt":"2023-01-23T13:04:20","guid":{"rendered":"https:\/\/www.ginsburg.info\/?page_id=1663"},"modified":"2023-10-27T13:39:10","modified_gmt":"2023-10-27T13:39:10","slug":"ginsburg-gin","status":"publish","type":"page","link":"https:\/\/www.ginsburg.info\/?page_id=1663","title":{"rendered":"GINsburg GIN"},"content":{"rendered":"\r\n\r\n\r\n<h2 class=\"wp-block-heading\">Der original GINsburg GIN<\/h2>\r\n\r\n\r\n\r\n<p>Sowohl die enge Verbundenheit der GINSBURG zu den Niederlanden als auch der holl\u00e4ndische Arzt \u201eFranciscus Sylvius de la Boe\u201c, der als Erfinder des GINs gilt, haben mich inspiriert, den GINsburg GIN zu erschaffen. \u00a0<\/p>\r\n\r\n\r\n\r\n<p>Im April des Jahres 1568 traf sich Wilhelm I. von Oranien-Nassau auf der Ginsburg mit seinen Beamten, Offizieren und niederl\u00e4ndischen Getreuen, um mit ihnen \u00fcber einen m\u00f6glichen Feldzug gegen Spanien zu beraten. 1572 sammelte er auf der Ginsberger Heide die Truppen seines Heeres, um von dort aus nach Friesland aufzubrechen und die spanischen Niederlande zu befreien, woraus im Zuge des Achtzigj\u00e4hrigen Kriegs 1579 die Utrechter Union hervor ging.<br \/>Seither gilt Wilhelm I. als Gr\u00fcndervater der Niederlande.<br \/><br \/>So fand an diesem geschichtstr\u00e4chtigen Ort, der heutigen Ruine GINSBURG im Siegerland, dieser besondere GIN seinen Ursprung. De la Boe stellte bereits im 16. Jahrhundert einen Wacholderschnaps \u2013 mit dem Namen Genever (holl\u00e4ndisch: Wacholder) \u2013 her.<br \/>Auch heute ist Wacholder die Basis eines jeden GINs und macht den GINsburg GIN mit seiner leuchtenden, goldgelben Farbe nicht nur optisch zum Highlight, sondern durch seine 12 Ingredienzien auch zum Gaumenschmeichler.<\/p>\r\n\r\n\r\n\r\n<p>Ein Produkt mit derart tiefgreifender Geschichte und Tradition zu erschaffen, das letztendlich auch ein St\u00fcck unserer Heimat widerspiegelt, war meine Passion. Die Zeilen auf dem Flaschenr\u00fccken verraten, dass der GINsburg GIN pur fast wie ein mittelalterlicher Drunk anmutet &#8211; als GIN-Tonic aber ein Hochgenuss en vogue ist. Meine pers\u00f6nliche Empfehlung ist: kosten Sie GINsburg GIN aus einem angemessenen Glas mit einem Spicy Ginger oder einem Elder Flower Tonic. Zur Kr\u00f6nung und geschmacklichen Abrundung k\u00f6nnen Rosmarinzweige, Oliven oder Gurkenscheiben hinzugegeben werden. Ihrer Fantasie und der geschmacklichen Vielfalt der Zutaten sind keine Grenzen gesetzt.<\/p>\r\n\r\n\r\n\r\n<p>Besonders beliebt sind auch die hieraus entstandenen Cocktails, wie beispielsweise der \u201eRitterkuss\u201c.<br \/><a href=\"https:\/\/www.ginsburg.info\/?page_id=1683\">Einige Rezepte mit dem GINsburg GIN finden Sie hier!<\/a><\/p>\r\n\r\n\r\n\r\n<p>Probieren Sie den GINsburg\u00a0GIN, der eigens auf der GINSBURG kreiert wurde. Ein wirklicher Gaumenschmeichler f\u00fcr Kenner und Genie\u00dfer! Jede Flasche wird mit dem &#8222;L\u00f6wen der Nassauer&#8220; in Blei besiegelt. Unsere EDITION wird zudem handsigniert.<br \/><br \/><em>Ihr Gerd Grothe<br \/>Gr\u00fcnder des GINsburg GIN<\/em><br \/><em><br \/><\/em><\/p>\r\n<a href=\"https:\/\/www.ginsburg.info\/?page_id=1683\" class=\"btn button btn-shortcode kad-btn kad-btn-primary\" id=\"kadbtn536\" target=\"_self\" style=\"background-color:#444;color:#FFF;\"onMouseOver=\"this.style.background='',this.style.color='#CCC'\" onMouseOut=\"this.style.background='#444', this.style.color='#FFF'\">COCKTAILS<\/a>\r\n<a href=\"https:\/\/www.ginsburg.info\/?page_id=1727\" class=\"btn button btn-shortcode kad-btn kad-btn-primary\" id=\"kadbtn496\" target=\"_self\" style=\"background-color:#444;color:#FFF;\"onMouseOver=\"this.style.background='',this.style.color='#CCC'\" onMouseOut=\"this.style.background='#444', this.style.color='#FFF'\">TASTING<\/a>\r\n<p>&nbsp;<\/p>\r\n<p>&nbsp;<\/p>\r\n<p>&nbsp;<\/p>\r\n\r\n\r\n","protected":false},"excerpt":{"rendered":"<p>Der original GINsburg GIN Sowohl die enge Verbundenheit der GINSBURG zu den Niederlanden als auch der holl\u00e4ndische Arzt \u201eFranciscus Sylvius de la Boe\u201c, der als Erfinder des GINs gilt, haben mich inspiriert, den GINsburg GIN zu erschaffen. \u00a0 Im April des Jahres 1568 traf sich Wilhelm I. von Oranien-Nassau auf der Ginsburg mit seinen Beamten, &hellip; <\/p>\n<p class=\"link-more\"><a href=\"https:\/\/www.ginsburg.info\/?page_id=1663\" class=\"more-link\"><span class=\"screen-reader-text\">\u201eGINsburg GIN\u201c <\/span>weiterlesen<\/a><\/p>\n","protected":false},"author":1,"featured_media":2222,"parent":0,"menu_order":0,"comment_status":"closed","ping_status":"closed","template":"","meta":{"_uag_custom_page_level_css":"","footnotes":""},"class_list":["post-1663","page","type-page","status-publish","has-post-thumbnail","hentry"],"uagb_featured_image_src":{"full":["https:\/\/www.ginsburg.info\/wp-content\/uploads\/2023\/10\/GINsburg-GIN-Slider-1.jpg",2000,600,false],"thumbnail":["https:\/\/www.ginsburg.info\/wp-content\/uploads\/2023\/10\/GINsburg-GIN-Slider-1-150x150.jpg",150,150,true],"medium":["https:\/\/www.ginsburg.info\/wp-content\/uploads\/2023\/10\/GINsburg-GIN-Slider-1-300x90.jpg",300,90,true],"medium_large":["https:\/\/www.ginsburg.info\/wp-content\/uploads\/2023\/10\/GINsburg-GIN-Slider-1-768x230.jpg",525,157,true],"large":["https:\/\/www.ginsburg.info\/wp-content\/uploads\/2023\/10\/GINsburg-GIN-Slider-1-1024x307.jpg",525,157,true],"1536x1536":["https:\/\/www.ginsburg.info\/wp-content\/uploads\/2023\/10\/GINsburg-GIN-Slider-1-1536x461.jpg",1536,461,true],"2048x2048":["https:\/\/www.ginsburg.info\/wp-content\/uploads\/2023\/10\/GINsburg-GIN-Slider-1.jpg",2000,600,false],"twentyseventeen-featured-image":["https:\/\/www.ginsburg.info\/wp-content\/uploads\/2023\/10\/GINsburg-GIN-Slider-1.jpg",2000,600,false],"twentyseventeen-thumbnail-avatar":["https:\/\/www.ginsburg.info\/wp-content\/uploads\/2023\/10\/GINsburg-GIN-Slider-1-100x100.jpg",100,100,true],"woocommerce_thumbnail":["https:\/\/www.ginsburg.info\/wp-content\/uploads\/2023\/10\/GINsburg-GIN-Slider-1-250x250.jpg",250,250,true],"woocommerce_single":["https:\/\/www.ginsburg.info\/wp-content\/uploads\/2023\/10\/GINsburg-GIN-Slider-1-350x105.jpg",350,105,true],"woocommerce_gallery_thumbnail":["https:\/\/www.ginsburg.info\/wp-content\/uploads\/2023\/10\/GINsburg-GIN-Slider-1-100x100.jpg",100,100,true]},"uagb_author_info":{"display_name":"admin","author_link":"https:\/\/www.ginsburg.info\/?author=1"},"uagb_comment_info":0,"uagb_excerpt":"Der original GINsburg GIN Sowohl die enge Verbundenheit der GINSBURG zu den Niederlanden als auch der holl\u00e4ndische Arzt \u201eFranciscus Sylvius de la Boe\u201c, der als Erfinder des GINs gilt, haben mich inspiriert, den GINsburg GIN zu erschaffen. \u00a0 Im April des Jahres 1568 traf sich Wilhelm I. von Oranien-Nassau auf der Ginsburg mit seinen Beamten,&hellip;","jetpack_sharing_enabled":true,"_links":{"self":[{"href":"https:\/\/www.ginsburg.info\/index.php?rest_route=\/wp\/v2\/pages\/1663","targetHints":{"allow":["GET"]}}],"collection":[{"href":"https:\/\/www.ginsburg.info\/index.php?rest_route=\/wp\/v2\/pages"}],"about":[{"href":"https:\/\/www.ginsburg.info\/index.php?rest_route=\/wp\/v2\/types\/page"}],"author":[{"embeddable":true,"href":"https:\/\/www.ginsburg.info\/index.php?rest_route=\/wp\/v2\/users\/1"}],"replies":[{"embeddable":true,"href":"https:\/\/www.ginsburg.info\/index.php?rest_route=%2Fwp%2Fv2%2Fcomments&post=1663"}],"version-history":[{"count":31,"href":"https:\/\/www.ginsburg.info\/index.php?rest_route=\/wp\/v2\/pages\/1663\/revisions"}],"predecessor-version":[{"id":2115,"href":"https:\/\/www.ginsburg.info\/index.php?rest_route=\/wp\/v2\/pages\/1663\/revisions\/2115"}],"wp:featuredmedia":[{"embeddable":true,"href":"https:\/\/www.ginsburg.info\/index.php?rest_route=\/wp\/v2\/media\/2222"}],"wp:attachment":[{"href":"https:\/\/www.ginsburg.info\/index.php?rest_route=%2Fwp%2Fv2%2Fmedia&parent=1663"}],"curies":[{"name":"wp","href":"https:\/\/api.w.org\/{rel}","templated":true}]}}