{"id":1683,"date":"2023-01-23T15:53:33","date_gmt":"2023-01-23T15:53:33","guid":{"rendered":"https:\/\/www.ginsburg.info\/?page_id=1683"},"modified":"2023-10-27T15:07:07","modified_gmt":"2023-10-27T15:07:07","slug":"rezepte","status":"publish","type":"page","link":"https:\/\/www.ginsburg.info\/?page_id=1683","title":{"rendered":"GINSburg Cocktails"},"content":{"rendered":"\r\n<p><strong>GINsburg on the Rocks<br \/><\/strong>Genie\u00dft ihn pur und urspr\u00fcnglich!<br \/>2-4cl original GINsburg GIN<br \/>2 Cube Eis<\/p>\r\n\r\n\r\n\r\n<p><strong>Der Ritterkuss<br \/><\/strong>Ein klangvoller Name f\u00fcr einen au\u00dfergew\u00f6hnlichen Cocktail. Fruchtig, spritzig und in der Damenwelt \u00e4u\u00dferst beliebt.<br \/>2-4cl GINsburg GIN<br \/>2cl Vodka<br \/>2cl Lime (Erdbeere oder Beeren)<br \/>mit Prosecco auff\u00fcllen<br \/>2 Cube Eis und gefrorene- oder frische Beeren zugeben<br \/>Strohhalm<\/p>\r\n\r\n\r\n\r\n<p><strong>GIN Tonic<br \/><\/strong>Ein wahrer Klassiker unter den Cocktails ist der Gin Tonic, der gek\u00fchlt am besten schmeckt.<strong><br \/><\/strong>4cl GINSburg GIN<br \/>3 Cube Eis<br \/>0,25l Tonic Water<br \/>1 Scheibe Zitrone oder Limetten<\/p>\r\n\r\n\r\n\r\n<p><strong>Blue Eyes<br \/><\/strong>Mit diesem Cocktail kann man jemanden leicht sch\u00f6ne Augen machen. Blue Eyes wird mit Gin zubereitet und kann auch mit Ginger Ale aufgef\u00fcllt werden.<strong><br \/><\/strong>3cl GINsburg GIN<br \/>2cl Vermouth Bianco<br \/>1cl Blue Curacao<br \/>3 Cube Eis<br \/>1 Schuss Ginger Ale<\/p>\r\n\r\n\r\n\r\n<p><strong>Optimist<\/strong><br \/>Der Optimist ist ein k\u00f6stlich fruchtiger Cocktail, der durch den GINsburg GIN einen tollen Geschmack bekommt.<br \/>3cl GINsburg GIN<br \/>2cl Creme de Cassis<br \/>2cl Ananassaft<br \/>\u00bd Orangenscheibe<br \/>1 Schuss Orangensaft<br \/>1 St\u00fcck Ananas<br \/>1 Cocktailkirsche<br \/>1 Schuss Maracujasaft oder -Sirup<\/p>\r\n\r\n\r\n\r\n<p><strong>GINsburg Mule<\/strong><br \/>Ein GINsburg Mule mit Limette sowie Ginger Beer ist f\u00fcr einen sonnigen Nachmittag genau richtig. Das Rezept in gem\u00fctlicher Runde genie\u00dfen.<br \/>6 cl GINsburg GIN<br \/>Saft von einer \u00bd Limette<br \/>9cl Ginger Beer<br \/>1 Scheibe Limette<\/p>\r\n","protected":false},"excerpt":{"rendered":"<p>GINsburg on the RocksGenie\u00dft ihn pur und urspr\u00fcnglich!2-4cl original GINsburg GIN2 Cube Eis Der RitterkussEin klangvoller Name f\u00fcr einen au\u00dfergew\u00f6hnlichen Cocktail. Fruchtig, spritzig und in der Damenwelt \u00e4u\u00dferst beliebt.2-4cl GINsburg GIN2cl Vodka2cl Lime (Erdbeere oder Beeren)mit Prosecco auff\u00fcllen2 Cube Eis und gefrorene- oder frische Beeren zugebenStrohhalm GIN TonicEin wahrer Klassiker unter den Cocktails ist der &hellip; <\/p>\n<p class=\"link-more\"><a href=\"https:\/\/www.ginsburg.info\/?page_id=1683\" class=\"more-link\"><span class=\"screen-reader-text\">\u201eGINSburg Cocktails\u201c <\/span>weiterlesen<\/a><\/p>\n","protected":false},"author":1,"featured_media":2227,"parent":0,"menu_order":0,"comment_status":"closed","ping_status":"closed","template":"","meta":{"_uag_custom_page_level_css":"","footnotes":""},"class_list":["post-1683","page","type-page","status-publish","has-post-thumbnail","hentry"],"uagb_featured_image_src":{"full":["https:\/\/www.ginsburg.info\/wp-content\/uploads\/2023\/10\/Cocktails-Slider.jpg",2000,600,false],"thumbnail":["https:\/\/www.ginsburg.info\/wp-content\/uploads\/2023\/10\/Cocktails-Slider-150x150.jpg",150,150,true],"medium":["https:\/\/www.ginsburg.info\/wp-content\/uploads\/2023\/10\/Cocktails-Slider-300x90.jpg",300,90,true],"medium_large":["https:\/\/www.ginsburg.info\/wp-content\/uploads\/2023\/10\/Cocktails-Slider-768x230.jpg",525,157,true],"large":["https:\/\/www.ginsburg.info\/wp-content\/uploads\/2023\/10\/Cocktails-Slider-1024x307.jpg",525,157,true],"1536x1536":["https:\/\/www.ginsburg.info\/wp-content\/uploads\/2023\/10\/Cocktails-Slider-1536x461.jpg",1536,461,true],"2048x2048":["https:\/\/www.ginsburg.info\/wp-content\/uploads\/2023\/10\/Cocktails-Slider.jpg",2000,600,false],"twentyseventeen-featured-image":["https:\/\/www.ginsburg.info\/wp-content\/uploads\/2023\/10\/Cocktails-Slider.jpg",2000,600,false],"twentyseventeen-thumbnail-avatar":["https:\/\/www.ginsburg.info\/wp-content\/uploads\/2023\/10\/Cocktails-Slider-100x100.jpg",100,100,true],"woocommerce_thumbnail":["https:\/\/www.ginsburg.info\/wp-content\/uploads\/2023\/10\/Cocktails-Slider-250x250.jpg",250,250,true],"woocommerce_single":["https:\/\/www.ginsburg.info\/wp-content\/uploads\/2023\/10\/Cocktails-Slider-350x105.jpg",350,105,true],"woocommerce_gallery_thumbnail":["https:\/\/www.ginsburg.info\/wp-content\/uploads\/2023\/10\/Cocktails-Slider-100x100.jpg",100,100,true]},"uagb_author_info":{"display_name":"admin","author_link":"https:\/\/www.ginsburg.info\/?author=1"},"uagb_comment_info":0,"uagb_excerpt":"GINsburg on the RocksGenie\u00dft ihn pur und urspr\u00fcnglich!2-4cl original GINsburg GIN2 Cube Eis Der RitterkussEin klangvoller Name f\u00fcr einen au\u00dfergew\u00f6hnlichen Cocktail. Fruchtig, spritzig und in der Damenwelt \u00e4u\u00dferst beliebt.2-4cl GINsburg GIN2cl Vodka2cl Lime (Erdbeere oder Beeren)mit Prosecco auff\u00fcllen2 Cube Eis und gefrorene- oder frische Beeren zugebenStrohhalm GIN TonicEin wahrer Klassiker unter den Cocktails ist der&hellip;","jetpack_sharing_enabled":true,"_links":{"self":[{"href":"https:\/\/www.ginsburg.info\/index.php?rest_route=\/wp\/v2\/pages\/1683","targetHints":{"allow":["GET"]}}],"collection":[{"href":"https:\/\/www.ginsburg.info\/index.php?rest_route=\/wp\/v2\/pages"}],"about":[{"href":"https:\/\/www.ginsburg.info\/index.php?rest_route=\/wp\/v2\/types\/page"}],"author":[{"embeddable":true,"href":"https:\/\/www.ginsburg.info\/index.php?rest_route=\/wp\/v2\/users\/1"}],"replies":[{"embeddable":true,"href":"https:\/\/www.ginsburg.info\/index.php?rest_route=%2Fwp%2Fv2%2Fcomments&post=1683"}],"version-history":[{"count":5,"href":"https:\/\/www.ginsburg.info\/index.php?rest_route=\/wp\/v2\/pages\/1683\/revisions"}],"predecessor-version":[{"id":2231,"href":"https:\/\/www.ginsburg.info\/index.php?rest_route=\/wp\/v2\/pages\/1683\/revisions\/2231"}],"wp:featuredmedia":[{"embeddable":true,"href":"https:\/\/www.ginsburg.info\/index.php?rest_route=\/wp\/v2\/media\/2227"}],"wp:attachment":[{"href":"https:\/\/www.ginsburg.info\/index.php?rest_route=%2Fwp%2Fv2%2Fmedia&parent=1683"}],"curies":[{"name":"wp","href":"https:\/\/api.w.org\/{rel}","templated":true}]}}