{"id":1727,"date":"2023-02-12T16:27:04","date_gmt":"2023-02-12T16:27:04","guid":{"rendered":"https:\/\/www.ginsburg.info\/?page_id=1727"},"modified":"2023-10-27T15:06:35","modified_gmt":"2023-10-27T15:06:35","slug":"gin-tasting-und-wein-degustationen","status":"publish","type":"page","link":"https:\/\/www.ginsburg.info\/?page_id=1727","title":{"rendered":"GINsburg Tasting"},"content":{"rendered":"\r\n<p>Wir m\u00f6chten eine gastronomische L\u00fccke schlie\u00dfen und bieten Ihnen feine GIN Tastings mit dem original GINsburg GIN an. Sie haben die Wahl an einer Degustation teilzunehmen oder k\u00f6nnen auch Ihre individuelle Firmen- und Geburtstagsfeiern buchen. Vielleicht soll\u00b4s aber mal ein sch\u00f6ner Abend mit Freunden sein!?<br \/>Egal wof\u00fcr Sie sich entscheiden &#8211; wir arrangieren f\u00fcr Sie immer etwas ganz Besonderes!<\/p>\r\n\r\n\r\n\r\n\r\n\r\n\r\n\r\n<p><strong>GIN Tasting<\/strong> ab min. 8 Personen inkl. f\u00fcnf verschiedene Degustationen und kulinarischen Kleinigkeiten<br \/><strong>Preis pro Person 48,00 \u20ac<\/strong><\/p>\r\n\r\n\r\n\r\n<p>Termine und private Degustationen auf Anfrage<\/p>\r\n\r\n\r\n","protected":false},"excerpt":{"rendered":"<p>Wir m\u00f6chten eine gastronomische L\u00fccke schlie\u00dfen und bieten Ihnen feine GIN Tastings mit dem original GINsburg GIN an. Sie haben die Wahl an einer Degustation teilzunehmen oder k\u00f6nnen auch Ihre individuelle Firmen- und Geburtstagsfeiern buchen. Vielleicht soll\u00b4s aber mal ein sch\u00f6ner Abend mit Freunden sein!?Egal wof\u00fcr Sie sich entscheiden &#8211; wir arrangieren f\u00fcr Sie immer &hellip; <\/p>\n<p class=\"link-more\"><a href=\"https:\/\/www.ginsburg.info\/?page_id=1727\" class=\"more-link\"><span class=\"screen-reader-text\">\u201eGINsburg Tasting\u201c <\/span>weiterlesen<\/a><\/p>\n","protected":false},"author":1,"featured_media":2223,"parent":0,"menu_order":0,"comment_status":"closed","ping_status":"closed","template":"","meta":{"_uag_custom_page_level_css":"","footnotes":""},"class_list":["post-1727","page","type-page","status-publish","has-post-thumbnail","hentry"],"uagb_featured_image_src":{"full":["https:\/\/www.ginsburg.info\/wp-content\/uploads\/2023\/10\/Tasting-Slider.jpg",2000,600,false],"thumbnail":["https:\/\/www.ginsburg.info\/wp-content\/uploads\/2023\/10\/Tasting-Slider-150x150.jpg",150,150,true],"medium":["https:\/\/www.ginsburg.info\/wp-content\/uploads\/2023\/10\/Tasting-Slider-300x90.jpg",300,90,true],"medium_large":["https:\/\/www.ginsburg.info\/wp-content\/uploads\/2023\/10\/Tasting-Slider-768x230.jpg",525,157,true],"large":["https:\/\/www.ginsburg.info\/wp-content\/uploads\/2023\/10\/Tasting-Slider-1024x307.jpg",525,157,true],"1536x1536":["https:\/\/www.ginsburg.info\/wp-content\/uploads\/2023\/10\/Tasting-Slider-1536x461.jpg",1536,461,true],"2048x2048":["https:\/\/www.ginsburg.info\/wp-content\/uploads\/2023\/10\/Tasting-Slider.jpg",2000,600,false],"twentyseventeen-featured-image":["https:\/\/www.ginsburg.info\/wp-content\/uploads\/2023\/10\/Tasting-Slider.jpg",2000,600,false],"twentyseventeen-thumbnail-avatar":["https:\/\/www.ginsburg.info\/wp-content\/uploads\/2023\/10\/Tasting-Slider-100x100.jpg",100,100,true],"woocommerce_thumbnail":["https:\/\/www.ginsburg.info\/wp-content\/uploads\/2023\/10\/Tasting-Slider-250x250.jpg",250,250,true],"woocommerce_single":["https:\/\/www.ginsburg.info\/wp-content\/uploads\/2023\/10\/Tasting-Slider-350x105.jpg",350,105,true],"woocommerce_gallery_thumbnail":["https:\/\/www.ginsburg.info\/wp-content\/uploads\/2023\/10\/Tasting-Slider-100x100.jpg",100,100,true]},"uagb_author_info":{"display_name":"admin","author_link":"https:\/\/www.ginsburg.info\/?author=1"},"uagb_comment_info":0,"uagb_excerpt":"Wir m\u00f6chten eine gastronomische L\u00fccke schlie\u00dfen und bieten Ihnen feine GIN Tastings mit dem original GINsburg GIN an. Sie haben die Wahl an einer Degustation teilzunehmen oder k\u00f6nnen auch Ihre individuelle Firmen- und Geburtstagsfeiern buchen. Vielleicht soll\u00b4s aber mal ein sch\u00f6ner Abend mit Freunden sein!?Egal wof\u00fcr Sie sich entscheiden &#8211; wir arrangieren f\u00fcr Sie immer&hellip;","jetpack_sharing_enabled":true,"_links":{"self":[{"href":"https:\/\/www.ginsburg.info\/index.php?rest_route=\/wp\/v2\/pages\/1727","targetHints":{"allow":["GET"]}}],"collection":[{"href":"https:\/\/www.ginsburg.info\/index.php?rest_route=\/wp\/v2\/pages"}],"about":[{"href":"https:\/\/www.ginsburg.info\/index.php?rest_route=\/wp\/v2\/types\/page"}],"author":[{"embeddable":true,"href":"https:\/\/www.ginsburg.info\/index.php?rest_route=\/wp\/v2\/users\/1"}],"replies":[{"embeddable":true,"href":"https:\/\/www.ginsburg.info\/index.php?rest_route=%2Fwp%2Fv2%2Fcomments&post=1727"}],"version-history":[{"count":17,"href":"https:\/\/www.ginsburg.info\/index.php?rest_route=\/wp\/v2\/pages\/1727\/revisions"}],"predecessor-version":[{"id":2230,"href":"https:\/\/www.ginsburg.info\/index.php?rest_route=\/wp\/v2\/pages\/1727\/revisions\/2230"}],"wp:featuredmedia":[{"embeddable":true,"href":"https:\/\/www.ginsburg.info\/index.php?rest_route=\/wp\/v2\/media\/2223"}],"wp:attachment":[{"href":"https:\/\/www.ginsburg.info\/index.php?rest_route=%2Fwp%2Fv2%2Fmedia&parent=1727"}],"curies":[{"name":"wp","href":"https:\/\/api.w.org\/{rel}","templated":true}]}}