{"id":3453,"date":"2025-08-04T12:41:08","date_gmt":"2025-08-04T12:41:08","guid":{"rendered":"https:\/\/www.ginsburg.info\/?page_id=3453"},"modified":"2025-08-04T12:46:18","modified_gmt":"2025-08-04T12:46:18","slug":"ehrenamtskarte","status":"publish","type":"page","link":"https:\/\/www.ginsburg.info\/?page_id=3453","title":{"rendered":"Ehrenamtskarte"},"content":{"rendered":"\n<div class=\"wp-block-uagb-image alignleft uagb-block-28abccd8 wp-block-uagb-image--layout-default wp-block-uagb-image--effect-static wp-block-uagb-image--align-left\"><figure class=\"wp-block-uagb-image__figure\"><img loading=\"lazy\" decoding=\"async\" srcset=\"https:\/\/www.ginsburg.info\/wp-content\/uploads\/2025\/08\/Ehrenamtskarte-1.jpg ,https:\/\/www.ginsburg.info\/wp-content\/uploads\/2025\/08\/Ehrenamtskarte-1.jpg 780w, https:\/\/www.ginsburg.info\/wp-content\/uploads\/2025\/08\/Ehrenamtskarte-1.jpg 360w\" sizes=\"auto, (max-width: 480px) 150px\" src=\"https:\/\/www.ginsburg.info\/wp-content\/uploads\/2025\/08\/Ehrenamtskarte-1.jpg\" alt=\"\" class=\"uag-image-3440\" width=\"192\" height=\"129\" title=\"Ehrenamtskarte\" loading=\"lazy\" role=\"img\"\/><\/figure><\/div>\n\n\n<h3><strong>GINsburg GIN ist dabei!<\/strong><\/h3>\n<p>Die Ehrenamtskarte ist ein Zeichen der Anerkennung f\u00fcr langj\u00e4hriges und intensives b\u00fcrgerschaftliches Engagement. Unabh\u00e4ngig von ihrem Wohnort kommen ihre Inhaberinnen und Inhaber in den Genuss zahlreicher Angebote und Verg\u00fcnstigungen in ganz Nordrhein-Westfalen.<br \/>Mit der Vergabe der Ehrenamtskarte m\u00f6chte die Stadt Hilchenbach den zahlreichen B\u00fcrgerinnen und B\u00fcrgern mit mehr als blo\u00dfen Worten ein herzliches \u201eDankesch\u00f6n\u201c f\u00fcr die Zeit und Kraft sagen, die sie dem Allgemeinwohl in vielf\u00e4ltiger Weise zur Verf\u00fcgung stellen.<\/p>\n<p><strong>F\u00fcr mehr Information wenden Sie sich bitte gleich an:<\/strong><br \/>Patricia Vanderlinden<br \/>B\u00fcrgerschaftliches Engagement, Senioren-Service-Stelle,<br \/>Behindertenbeauftragte Stadt Hilchenbach<br \/>Markt 13<br \/>57271\u00a0Hilchenbach<br \/>Telefon: 02733 288-229<br \/>Fax: 02733 288-288<br \/>eMail: <a href=\"mailto:p.vanderlinden@hilchenbach.de\">p.vanderlinden@hilchenbach.de<\/a><\/p>","protected":false},"excerpt":{"rendered":"<p>GINsburg GIN ist dabei! Die Ehrenamtskarte ist ein Zeichen der Anerkennung f\u00fcr langj\u00e4hriges und intensives b\u00fcrgerschaftliches Engagement. Unabh\u00e4ngig von ihrem Wohnort kommen ihre Inhaberinnen und Inhaber in den Genuss zahlreicher Angebote und Verg\u00fcnstigungen in ganz Nordrhein-Westfalen.Mit der Vergabe der Ehrenamtskarte m\u00f6chte die Stadt Hilchenbach den zahlreichen B\u00fcrgerinnen und B\u00fcrgern mit mehr als blo\u00dfen Worten ein &hellip; <\/p>\n<p class=\"link-more\"><a href=\"https:\/\/www.ginsburg.info\/?page_id=3453\" class=\"more-link\"><span class=\"screen-reader-text\">\u201eEhrenamtskarte\u201c <\/span>weiterlesen<\/a><\/p>\n","protected":false},"author":1,"featured_media":0,"parent":0,"menu_order":0,"comment_status":"closed","ping_status":"closed","template":"","meta":{"_uag_custom_page_level_css":"","footnotes":""},"class_list":["post-3453","page","type-page","status-publish","hentry"],"uagb_featured_image_src":{"full":false,"thumbnail":false,"medium":false,"medium_large":false,"large":false,"1536x1536":false,"2048x2048":false,"twentyseventeen-featured-image":false,"twentyseventeen-thumbnail-avatar":false,"woocommerce_thumbnail":false,"woocommerce_single":false,"woocommerce_gallery_thumbnail":false},"uagb_author_info":{"display_name":"admin","author_link":"https:\/\/www.ginsburg.info\/?author=1"},"uagb_comment_info":0,"uagb_excerpt":"GINsburg GIN ist dabei! Die Ehrenamtskarte ist ein Zeichen der Anerkennung f\u00fcr langj\u00e4hriges und intensives b\u00fcrgerschaftliches Engagement. Unabh\u00e4ngig von ihrem Wohnort kommen ihre Inhaberinnen und Inhaber in den Genuss zahlreicher Angebote und Verg\u00fcnstigungen in ganz Nordrhein-Westfalen.Mit der Vergabe der Ehrenamtskarte m\u00f6chte die Stadt Hilchenbach den zahlreichen B\u00fcrgerinnen und B\u00fcrgern mit mehr als blo\u00dfen Worten ein&hellip;","jetpack_sharing_enabled":true,"_links":{"self":[{"href":"https:\/\/www.ginsburg.info\/index.php?rest_route=\/wp\/v2\/pages\/3453","targetHints":{"allow":["GET"]}}],"collection":[{"href":"https:\/\/www.ginsburg.info\/index.php?rest_route=\/wp\/v2\/pages"}],"about":[{"href":"https:\/\/www.ginsburg.info\/index.php?rest_route=\/wp\/v2\/types\/page"}],"author":[{"embeddable":true,"href":"https:\/\/www.ginsburg.info\/index.php?rest_route=\/wp\/v2\/users\/1"}],"replies":[{"embeddable":true,"href":"https:\/\/www.ginsburg.info\/index.php?rest_route=%2Fwp%2Fv2%2Fcomments&post=3453"}],"version-history":[{"count":3,"href":"https:\/\/www.ginsburg.info\/index.php?rest_route=\/wp\/v2\/pages\/3453\/revisions"}],"predecessor-version":[{"id":3456,"href":"https:\/\/www.ginsburg.info\/index.php?rest_route=\/wp\/v2\/pages\/3453\/revisions\/3456"}],"wp:attachment":[{"href":"https:\/\/www.ginsburg.info\/index.php?rest_route=%2Fwp%2Fv2%2Fmedia&parent=3453"}],"curies":[{"name":"wp","href":"https:\/\/api.w.org\/{rel}","templated":true}]}}