{"id":68,"date":"2020-10-23T13:46:55","date_gmt":"2020-10-23T13:46:55","guid":{"rendered":"https:\/\/www.dieginsburg.de\/?page_id=68"},"modified":"2024-12-05T16:53:19","modified_gmt":"2024-12-05T16:53:19","slug":"impressum","status":"publish","type":"page","link":"https:\/\/www.ginsburg.info\/?page_id=68","title":{"rendered":"Impressum"},"content":{"rendered":"<p><span class=\"Haendlerbund_Rechtstext_Absatz\"><strong><span class=\"Haendlerbund_Rechtstext_Paragraph\"><span class=\"Haendlerbund_Rechtstext_Untertitel\">Gesetzliche Anbieterkennung:<\/span><\/span><\/strong><\/span><\/p>\n<p><span class=\"Haendlerbund_Rechtstext_Absatz\">GINsburg GIN<br \/>\nGerd Grothe<\/span><span class=\"Haendlerbund_Rechtstext_Absatz\"><br \/>\nHohlweg 3a<br \/>\n57250 Netphen<br \/>\n<\/span><\/p>\n<p><span class=\"Haendlerbund_Rechtstext_Absatz\"><strong>Alternative Streitbeilegung:<\/strong><br \/>\nDie Europ\u00e4ische Kommission stellt eine Plattform f\u00fcr die au\u00dfergerichtliche Online-Streitbeilegung (OS-Plattform) bereit, aufrufbar unter\u00a0<\/span><a href=\"https:\/\/ec.europa.eu\/consumers\/odr\" target=\"_blank\" rel=\"noopener noreferrer\">https:\/\/ec.europa.eu\/odr<\/a><span class=\"Haendlerbund_Rechtstext_Absatz\">.<\/span><\/p>\n","protected":false},"excerpt":{"rendered":"<p>Gesetzliche Anbieterkennung: GINsburg GIN Gerd Grothe Hohlweg 3a 57250 Netphen Alternative Streitbeilegung: Die Europ\u00e4ische Kommission stellt eine Plattform f\u00fcr die au\u00dfergerichtliche Online-Streitbeilegung (OS-Plattform) bereit, aufrufbar unter\u00a0https:\/\/ec.europa.eu\/odr.<\/p>\n","protected":false},"author":1,"featured_media":0,"parent":0,"menu_order":0,"comment_status":"closed","ping_status":"closed","template":"","meta":{"_uag_custom_page_level_css":"","footnotes":""},"class_list":["post-68","page","type-page","status-publish","hentry"],"uagb_featured_image_src":{"full":false,"thumbnail":false,"medium":false,"medium_large":false,"large":false,"1536x1536":false,"2048x2048":false,"twentyseventeen-featured-image":false,"twentyseventeen-thumbnail-avatar":false,"woocommerce_thumbnail":false,"woocommerce_single":false,"woocommerce_gallery_thumbnail":false},"uagb_author_info":{"display_name":"admin","author_link":"https:\/\/www.ginsburg.info\/?author=1"},"uagb_comment_info":0,"uagb_excerpt":"Gesetzliche Anbieterkennung: GINsburg GIN Gerd Grothe Hohlweg 3a 57250 Netphen Alternative Streitbeilegung: Die Europ\u00e4ische Kommission stellt eine Plattform f\u00fcr die au\u00dfergerichtliche Online-Streitbeilegung (OS-Plattform) bereit, aufrufbar unter\u00a0https:\/\/ec.europa.eu\/odr.","jetpack_sharing_enabled":true,"_links":{"self":[{"href":"https:\/\/www.ginsburg.info\/index.php?rest_route=\/wp\/v2\/pages\/68","targetHints":{"allow":["GET"]}}],"collection":[{"href":"https:\/\/www.ginsburg.info\/index.php?rest_route=\/wp\/v2\/pages"}],"about":[{"href":"https:\/\/www.ginsburg.info\/index.php?rest_route=\/wp\/v2\/types\/page"}],"author":[{"embeddable":true,"href":"https:\/\/www.ginsburg.info\/index.php?rest_route=\/wp\/v2\/users\/1"}],"replies":[{"embeddable":true,"href":"https:\/\/www.ginsburg.info\/index.php?rest_route=%2Fwp%2Fv2%2Fcomments&post=68"}],"version-history":[{"count":9,"href":"https:\/\/www.ginsburg.info\/index.php?rest_route=\/wp\/v2\/pages\/68\/revisions"}],"predecessor-version":[{"id":2906,"href":"https:\/\/www.ginsburg.info\/index.php?rest_route=\/wp\/v2\/pages\/68\/revisions\/2906"}],"wp:attachment":[{"href":"https:\/\/www.ginsburg.info\/index.php?rest_route=%2Fwp%2Fv2%2Fmedia&parent=68"}],"curies":[{"name":"wp","href":"https:\/\/api.w.org\/{rel}","templated":true}]}}