{"id":2183,"date":"2023-10-26T13:23:57","date_gmt":"2023-10-26T13:23:57","guid":{"rendered":"https:\/\/www.ginsburg.info\/?post_type=product&#038;p=2183"},"modified":"2025-11-26T07:00:48","modified_gmt":"2025-11-26T07:00:48","slug":"gin-von-der-burg-kopie","status":"publish","type":"product","link":"https:\/\/www.ginsburg.info\/?product=gin-von-der-burg-kopie","title":{"rendered":"GINsburg GIN 0,5l"},"content":{"rendered":"<p><strong>Hausgemachter GIN von der Ginsburg<\/strong><\/p>\n<p>Probiert unseren, in Handarbeit hergestellten GIN, der eigens auf der Burg kreiert wurde. Er wird nur in Kleinstauflagen produziert und ist damit eine edle Rarit\u00e4t. Ein echter Gaumenschmeichler f\u00fcr Kenner und Genie\u00dfer!<br \/>\nJede original Flasche und tr\u00e4gt den L\u00f6wen der Nassauer im Bleisiegel.<br \/>\nDie Sondereditionen werden zudem handsigniert.<\/p>\n<pre><strong>0,5l - 38,5% VOL<\/strong>\r\nPreis pro Liter: 74,00 \u20ac<\/pre>\n","protected":false},"excerpt":{"rendered":"<p>Hausgemachter GIN von der Ginsburg Probiert unseren, in Handarbeit hergestellten GIN, der eigens auf der Burg kreiert wurde. Er wird nur in Kleinstauflagen produziert und ist damit eine edle Rarit\u00e4t. Ein echter Gaumenschmeichler f\u00fcr Kenner und Genie\u00dfer! Jede original Flasche und tr\u00e4gt den L\u00f6wen der Nassauer im Bleisiegel. Die Sondereditionen werden zudem handsigniert. 0,5l &#8211; &hellip; <\/p>\n<p class=\"link-more\"><a href=\"https:\/\/www.ginsburg.info\/?product=gin-von-der-burg-kopie\" class=\"more-link\"><span class=\"screen-reader-text\">\u201eGINsburg GIN 0,5l\u201c <\/span>weiterlesen<\/a><\/p>\n","protected":false},"featured_media":2186,"comment_status":"open","ping_status":"closed","template":"","meta":{"_uag_custom_page_level_css":""},"product_brand":[],"product_cat":[96],"product_tag":[],"class_list":{"0":"post-2183","1":"product","2":"type-product","3":"status-publish","4":"has-post-thumbnail","6":"product_cat-ginsburg-gin","8":"first","9":"instock","10":"taxable","11":"shipping-taxable","12":"purchasable","13":"product-type-simple"},"uagb_featured_image_src":{"full":["https:\/\/www.ginsburg.info\/wp-content\/uploads\/2023\/10\/GIN-05l.jpg",567,692,false],"thumbnail":["https:\/\/www.ginsburg.info\/wp-content\/uploads\/2023\/10\/GIN-05l-150x150.jpg",150,150,true],"medium":["https:\/\/www.ginsburg.info\/wp-content\/uploads\/2023\/10\/GIN-05l-246x300.jpg",246,300,true],"medium_large":["https:\/\/www.ginsburg.info\/wp-content\/uploads\/2023\/10\/GIN-05l.jpg",525,641,false],"large":["https:\/\/www.ginsburg.info\/wp-content\/uploads\/2023\/10\/GIN-05l.jpg",525,641,false],"1536x1536":["https:\/\/www.ginsburg.info\/wp-content\/uploads\/2023\/10\/GIN-05l.jpg",567,692,false],"2048x2048":["https:\/\/www.ginsburg.info\/wp-content\/uploads\/2023\/10\/GIN-05l.jpg",567,692,false],"twentyseventeen-featured-image":["https:\/\/www.ginsburg.info\/wp-content\/uploads\/2023\/10\/GIN-05l.jpg",567,692,false],"twentyseventeen-thumbnail-avatar":["https:\/\/www.ginsburg.info\/wp-content\/uploads\/2023\/10\/GIN-05l-100x100.jpg",100,100,true],"woocommerce_thumbnail":["https:\/\/www.ginsburg.info\/wp-content\/uploads\/2023\/10\/GIN-05l-250x250.jpg",250,250,true],"woocommerce_single":["https:\/\/www.ginsburg.info\/wp-content\/uploads\/2023\/10\/GIN-05l-350x427.jpg",350,427,true],"woocommerce_gallery_thumbnail":["https:\/\/www.ginsburg.info\/wp-content\/uploads\/2023\/10\/GIN-05l-100x100.jpg",100,100,true]},"uagb_author_info":{"display_name":"admin","author_link":"https:\/\/www.ginsburg.info\/?author=0"},"uagb_comment_info":0,"uagb_excerpt":"Hausgemachter GIN von der Ginsburg Probiert unseren, in Handarbeit hergestellten GIN, der eigens auf der Burg kreiert wurde. Er wird nur in Kleinstauflagen produziert und ist damit eine edle Rarit\u00e4t. Ein echter Gaumenschmeichler f\u00fcr Kenner und Genie\u00dfer! Jede original Flasche und tr\u00e4gt den L\u00f6wen der Nassauer im Bleisiegel. Die Sondereditionen werden zudem handsigniert. 0,5l -&hellip;","jetpack_sharing_enabled":true,"_links":{"self":[{"href":"https:\/\/www.ginsburg.info\/index.php?rest_route=\/wp\/v2\/product\/2183","targetHints":{"allow":["GET"]}}],"collection":[{"href":"https:\/\/www.ginsburg.info\/index.php?rest_route=\/wp\/v2\/product"}],"about":[{"href":"https:\/\/www.ginsburg.info\/index.php?rest_route=\/wp\/v2\/types\/product"}],"replies":[{"embeddable":true,"href":"https:\/\/www.ginsburg.info\/index.php?rest_route=%2Fwp%2Fv2%2Fcomments&post=2183"}],"wp:featuredmedia":[{"embeddable":true,"href":"https:\/\/www.ginsburg.info\/index.php?rest_route=\/wp\/v2\/media\/2186"}],"wp:attachment":[{"href":"https:\/\/www.ginsburg.info\/index.php?rest_route=%2Fwp%2Fv2%2Fmedia&parent=2183"}],"wp:term":[{"taxonomy":"product_brand","embeddable":true,"href":"https:\/\/www.ginsburg.info\/index.php?rest_route=%2Fwp%2Fv2%2Fproduct_brand&post=2183"},{"taxonomy":"product_cat","embeddable":true,"href":"https:\/\/www.ginsburg.info\/index.php?rest_route=%2Fwp%2Fv2%2Fproduct_cat&post=2183"},{"taxonomy":"product_tag","embeddable":true,"href":"https:\/\/www.ginsburg.info\/index.php?rest_route=%2Fwp%2Fv2%2Fproduct_tag&post=2183"}],"curies":[{"name":"wp","href":"https:\/\/api.w.org\/{rel}","templated":true}]}}