{"id":498,"date":"2020-12-03T15:01:26","date_gmt":"2020-12-03T15:01:26","guid":{"rendered":"https:\/\/www.dieginsburg.de\/?post_type=product&#038;p=498"},"modified":"2025-11-26T07:00:48","modified_gmt":"2025-11-26T07:00:48","slug":"ginsburg","status":"publish","type":"product","link":"https:\/\/www.ginsburg.info\/?product=ginsburg","title":{"rendered":"GINsburg GIN 0,25l"},"content":{"rendered":"<p><strong>GIN von der Ginsburg<\/strong><\/p>\n<p>Probiert unseren, in Handarbeit hergestellten GIN, der eigens auf der Burg kreiert wurde. Er wird nur in Kleinauflagen produziert und ist damit eine edle Rarit\u00e4t. Ein echter Gaumenschmeichler f\u00fcr Kenner und Genie\u00dfer!<br \/>\nJede original Flasche und tr\u00e4gt den L\u00f6wen der Nassauer im Bleisiegel.<br \/>\nDie Sondereditionen werden zudem handsigniert.<\/p>\n<pre><strong>250ml - 38,5% VOL<\/strong>\r\nPreis pro Liter: 79,60 \u20ac<\/pre>\n","protected":false},"excerpt":{"rendered":"<p>GIN von der Ginsburg Probiert unseren, in Handarbeit hergestellten GIN, der eigens auf der Burg kreiert wurde. Er wird nur in Kleinauflagen produziert und ist damit eine edle Rarit\u00e4t. Ein echter Gaumenschmeichler f\u00fcr Kenner und Genie\u00dfer! Jede original Flasche und tr\u00e4gt den L\u00f6wen der Nassauer im Bleisiegel. Die Sondereditionen werden zudem handsigniert. 250ml &#8211; 38,5% &hellip; <\/p>\n<p class=\"link-more\"><a href=\"https:\/\/www.ginsburg.info\/?product=ginsburg\" class=\"more-link\"><span class=\"screen-reader-text\">\u201eGINsburg GIN 0,25l\u201c <\/span>weiterlesen<\/a><\/p>\n","protected":false},"featured_media":2187,"comment_status":"open","ping_status":"closed","template":"","meta":{"_uag_custom_page_level_css":""},"product_brand":[],"product_cat":[96],"product_tag":[],"class_list":{"0":"post-498","1":"product","2":"type-product","3":"status-publish","4":"has-post-thumbnail","6":"product_cat-ginsburg-gin","8":"first","9":"instock","10":"taxable","11":"shipping-taxable","12":"purchasable","13":"product-type-simple"},"uagb_featured_image_src":{"full":["https:\/\/www.ginsburg.info\/wp-content\/uploads\/2020\/12\/IMG_20220806_210547_edit_92357652384344.jpg",2094,2109,false],"thumbnail":["https:\/\/www.ginsburg.info\/wp-content\/uploads\/2020\/12\/IMG_20220806_210547_edit_92357652384344-150x150.jpg",150,150,true],"medium":["https:\/\/www.ginsburg.info\/wp-content\/uploads\/2020\/12\/IMG_20220806_210547_edit_92357652384344-298x300.jpg",298,300,true],"medium_large":["https:\/\/www.ginsburg.info\/wp-content\/uploads\/2020\/12\/IMG_20220806_210547_edit_92357652384344-768x774.jpg",525,529,true],"large":["https:\/\/www.ginsburg.info\/wp-content\/uploads\/2020\/12\/IMG_20220806_210547_edit_92357652384344-1017x1024.jpg",525,529,true],"1536x1536":["https:\/\/www.ginsburg.info\/wp-content\/uploads\/2020\/12\/IMG_20220806_210547_edit_92357652384344-1525x1536.jpg",1525,1536,true],"2048x2048":["https:\/\/www.ginsburg.info\/wp-content\/uploads\/2020\/12\/IMG_20220806_210547_edit_92357652384344-2033x2048.jpg",2033,2048,true],"twentyseventeen-featured-image":["https:\/\/www.ginsburg.info\/wp-content\/uploads\/2020\/12\/IMG_20220806_210547_edit_92357652384344-2000x1200.jpg",2000,1200,true],"twentyseventeen-thumbnail-avatar":["https:\/\/www.ginsburg.info\/wp-content\/uploads\/2020\/12\/IMG_20220806_210547_edit_92357652384344-100x100.jpg",100,100,true],"woocommerce_thumbnail":["https:\/\/www.ginsburg.info\/wp-content\/uploads\/2020\/12\/IMG_20220806_210547_edit_92357652384344-250x250.jpg",250,250,true],"woocommerce_single":["https:\/\/www.ginsburg.info\/wp-content\/uploads\/2020\/12\/IMG_20220806_210547_edit_92357652384344-350x353.jpg",350,353,true],"woocommerce_gallery_thumbnail":["https:\/\/www.ginsburg.info\/wp-content\/uploads\/2020\/12\/IMG_20220806_210547_edit_92357652384344-100x100.jpg",100,100,true]},"uagb_author_info":{"display_name":"admin","author_link":"https:\/\/www.ginsburg.info\/?author=0"},"uagb_comment_info":1,"uagb_excerpt":"GIN von der Ginsburg Probiert unseren, in Handarbeit hergestellten GIN, der eigens auf der Burg kreiert wurde. Er wird nur in Kleinauflagen produziert und ist damit eine edle Rarit\u00e4t. Ein echter Gaumenschmeichler f\u00fcr Kenner und Genie\u00dfer! Jede original Flasche und tr\u00e4gt den L\u00f6wen der Nassauer im Bleisiegel. Die Sondereditionen werden zudem handsigniert. 250ml - 38,5%&hellip;","jetpack_sharing_enabled":true,"_links":{"self":[{"href":"https:\/\/www.ginsburg.info\/index.php?rest_route=\/wp\/v2\/product\/498","targetHints":{"allow":["GET"]}}],"collection":[{"href":"https:\/\/www.ginsburg.info\/index.php?rest_route=\/wp\/v2\/product"}],"about":[{"href":"https:\/\/www.ginsburg.info\/index.php?rest_route=\/wp\/v2\/types\/product"}],"replies":[{"embeddable":true,"href":"https:\/\/www.ginsburg.info\/index.php?rest_route=%2Fwp%2Fv2%2Fcomments&post=498"}],"wp:featuredmedia":[{"embeddable":true,"href":"https:\/\/www.ginsburg.info\/index.php?rest_route=\/wp\/v2\/media\/2187"}],"wp:attachment":[{"href":"https:\/\/www.ginsburg.info\/index.php?rest_route=%2Fwp%2Fv2%2Fmedia&parent=498"}],"wp:term":[{"taxonomy":"product_brand","embeddable":true,"href":"https:\/\/www.ginsburg.info\/index.php?rest_route=%2Fwp%2Fv2%2Fproduct_brand&post=498"},{"taxonomy":"product_cat","embeddable":true,"href":"https:\/\/www.ginsburg.info\/index.php?rest_route=%2Fwp%2Fv2%2Fproduct_cat&post=498"},{"taxonomy":"product_tag","embeddable":true,"href":"https:\/\/www.ginsburg.info\/index.php?rest_route=%2Fwp%2Fv2%2Fproduct_tag&post=498"}],"curies":[{"name":"wp","href":"https:\/\/api.w.org\/{rel}","templated":true}]}}